{"id":9,"date":"2024-03-30T14:26:45","date_gmt":"2024-03-30T13:26:45","guid":{"rendered":"https:\/\/cleleceurl.com\/?page_id=9"},"modified":"2025-12-17T11:32:05","modified_gmt":"2025-12-17T10:32:05","slug":"accueil","status":"publish","type":"page","link":"https:\/\/cleleceurl.com\/","title":{"rendered":"ACCUEIL"},"content":{"rendered":"\t\t<div data-elementor-type=\"wp-page\" data-elementor-id=\"9\" class=\"elementor elementor-9\">\n\t\t\t\t<div class=\"elementor-element elementor-element-e56b6a9 e-flex e-con-boxed e-con e-parent\" data-id=\"e56b6a9\" data-element_type=\"container\" data-e-type=\"container\">\n\t\t\t\t\t<div class=\"e-con-inner\">\n\t\t\t\t<div class=\"elementor-element elementor-element-7152b6c elementor-widget__width-initial elementor-widget elementor-widget-image\" data-id=\"7152b6c\" data-element_type=\"widget\" data-e-type=\"widget\" data-widget_type=\"image.default\">\n\t\t\t\t<div class=\"elementor-widget-container\">\n\t\t\t\t\t\t\t\t\t\t\t\t\t\t\t<img fetchpriority=\"high\" decoding=\"async\" width=\"800\" height=\"221\" src=\"https:\/\/cleleceurl.com\/wp-content\/uploads\/2025\/06\/new-logo--e1749824420947-1024x283.png\" class=\"attachment-large size-large wp-image-726\" alt=\"New logo\" srcset=\"https:\/\/cleleceurl.com\/wp-content\/uploads\/2025\/06\/new-logo--e1749824420947-1024x283.png 1024w, https:\/\/cleleceurl.com\/wp-content\/uploads\/2025\/06\/new-logo--e1749824420947-300x83.png 300w, https:\/\/cleleceurl.com\/wp-content\/uploads\/2025\/06\/new-logo--e1749824420947-768x212.png 768w, https:\/\/cleleceurl.com\/wp-content\/uploads\/2025\/06\/new-logo--e1749824420947.png 1376w\" sizes=\"(max-width: 800px) 100vw, 800px\" \/>\t\t\t\t\t\t\t\t\t\t\t\t\t\t\t<\/div>\n\t\t\t\t<\/div>\n\t\t\t\t\t<\/div>\n\t\t\t\t<\/div>\n\t\t<div class=\"elementor-element elementor-element-b29c995 e-con-full e-flex e-con e-parent\" data-id=\"b29c995\" data-element_type=\"container\" data-e-type=\"container\">\n\t\t<div class=\"elementor-element elementor-element-31fd0c5 e-con-full e-flex e-con e-child\" data-id=\"31fd0c5\" data-element_type=\"container\" data-e-type=\"container\">\n\t\t<div class=\"elementor-element elementor-element-efc63b1 e-con-full e-flex e-con e-child\" data-id=\"efc63b1\" data-element_type=\"container\" data-e-type=\"container\">\n\t\t\t\t<div class=\"elementor-element elementor-element-8075c04 elementor-widget elementor-widget-heading\" data-id=\"8075c04\" data-element_type=\"widget\" data-e-type=\"widget\" data-widget_type=\"heading.default\">\n\t\t\t\t<div class=\"elementor-widget-container\">\n\t\t\t\t\t<h2 class=\"elementor-heading-title elementor-size-default\">Vous cherchez un \u00e9lectricien dans le 64, le 65 ?<\/h2>\t\t\t\t<\/div>\n\t\t\t\t<\/div>\n\t\t\t\t<\/div>\n\t\t\t\t<div class=\"elementor-element elementor-element-a9d1725 elementor-widget-tablet__width-initial elementor-widget elementor-widget-text-editor\" data-id=\"a9d1725\" data-element_type=\"widget\" data-e-type=\"widget\" data-widget_type=\"text-editor.default\">\n\t\t\t\t<div class=\"elementor-widget-container\">\n\t\t\t\t\t\t\t\t\t<p>\u00a0<\/p><p><span style=\"font-size: 18pt;\"><strong><span style=\"color: #000000;\">Engagements \u00ab\u00a0QUALIT\u00c9\u00a0\u00bb<\/span><\/strong><\/span><\/p><ul style=\"list-style-type: disc;\"><li><h5><span style=\"color: #000000; font-size: 14pt;\">Devis GRATUIT<\/span><\/h5><\/li><li><h5><span style=\"color: #000000; font-size: 14pt;\">Conseils sur votre installation<\/span><\/h5><\/li><li><h5><span style=\"color: #000000; font-size: 14pt;\">Travail soign\u00e9<\/span><\/h5><\/li><li><h5><span style=\"color: #000000; font-size: 14pt;\">Respect des d\u00e9lais fix\u00e9s<\/span><\/h5><\/li><\/ul>\t\t\t\t\t\t\t\t<\/div>\n\t\t\t\t<\/div>\n\t\t\t\t<\/div>\n\t\t<div class=\"elementor-element elementor-element-442dc3b e-con-full e-flex e-con e-child\" data-id=\"442dc3b\" data-element_type=\"container\" data-e-type=\"container\">\n\t\t\t\t<div class=\"elementor-element elementor-element-a6d5289 elementor-widget__width-initial elementor-widget elementor-widget-image\" data-id=\"a6d5289\" data-element_type=\"widget\" data-e-type=\"widget\" data-widget_type=\"image.default\">\n\t\t\t\t<div class=\"elementor-widget-container\">\n\t\t\t\t\t\t\t\t\t\t\t\t\t\t\t\t<a href=\"https:\/\/cleleceurl.com\/index.php\/prestations-services\/\">\n\t\t\t\t\t\t\t<img decoding=\"async\" width=\"800\" height=\"531\" src=\"https:\/\/cleleceurl.com\/wp-content\/uploads\/2024\/03\/1-1024x680.webp\" class=\"attachment-large size-large wp-image-32\" alt=\"1\" srcset=\"https:\/\/cleleceurl.com\/wp-content\/uploads\/2024\/03\/1-1024x680.webp 1024w, https:\/\/cleleceurl.com\/wp-content\/uploads\/2024\/03\/1-300x199.webp 300w, https:\/\/cleleceurl.com\/wp-content\/uploads\/2024\/03\/1-768x510.webp 768w, https:\/\/cleleceurl.com\/wp-content\/uploads\/2024\/03\/1.webp 1084w\" sizes=\"(max-width: 800px) 100vw, 800px\" \/>\t\t\t\t\t\t\t\t<\/a>\n\t\t\t\t\t\t\t\t\t\t\t\t\t\t\t<\/div>\n\t\t\t\t<\/div>\n\t\t\t\t<div class=\"elementor-element elementor-element-2d063f9 elementor-widget elementor-widget-heading\" data-id=\"2d063f9\" data-element_type=\"widget\" data-e-type=\"widget\" data-widget_type=\"heading.default\">\n\t\t\t\t<div class=\"elementor-widget-container\">\n\t\t\t\t\t<h2 class=\"elementor-heading-title elementor-size-default\">SERVICES &amp; PRESTATIONS PROPOS\u00c9S<\/h2>\t\t\t\t<\/div>\n\t\t\t\t<\/div>\n\t\t\t\t<\/div>\n\t\t\t\t<\/div>\n\t\t<div class=\"elementor-element elementor-element-fbf62c0 e-flex e-con-boxed e-con e-parent\" data-id=\"fbf62c0\" data-element_type=\"container\" data-e-type=\"container\">\n\t\t\t\t\t<div class=\"e-con-inner\">\n\t\t\t\t<div class=\"elementor-element elementor-element-25d0c09 elementor-hidden-mobile elementor-widget elementor-widget-heading\" data-id=\"25d0c09\" data-element_type=\"widget\" data-e-type=\"widget\" data-widget_type=\"heading.default\">\n\t\t\t\t<div class=\"elementor-widget-container\">\n\t\t\t\t\t<h2 class=\"elementor-heading-title elementor-size-default\">GARANTIES :<\/h2>\t\t\t\t<\/div>\n\t\t\t\t<\/div>\n\t\t\t\t\t<\/div>\n\t\t\t\t<\/div>\n\t\t<div class=\"elementor-element elementor-element-0180c56 e-flex e-con-boxed e-con e-parent\" data-id=\"0180c56\" data-element_type=\"container\" data-e-type=\"container\">\n\t\t\t\t\t<div class=\"e-con-inner\">\n\t\t<div class=\"elementor-element elementor-element-22937e0 e-con-full e-flex e-con e-child\" data-id=\"22937e0\" data-element_type=\"container\" data-e-type=\"container\">\n\t\t\t\t<div class=\"elementor-element elementor-element-a895ae8 elementor-hidden-desktop elementor-hidden-tablet elementor-widget elementor-widget-heading\" data-id=\"a895ae8\" data-element_type=\"widget\" data-e-type=\"widget\" data-widget_type=\"heading.default\">\n\t\t\t\t<div class=\"elementor-widget-container\">\n\t\t\t\t\t<h2 class=\"elementor-heading-title elementor-size-default\">GARANTIES<\/h2>\t\t\t\t<\/div>\n\t\t\t\t<\/div>\n\t\t\t\t<\/div>\n\t\t<div class=\"elementor-element elementor-element-3c66183 e-con-full e-flex e-con e-child\" data-id=\"3c66183\" data-element_type=\"container\" data-e-type=\"container\">\n\t\t\t\t<div class=\"elementor-element elementor-element-c1b16b7 elementor-widget elementor-widget-text-editor\" data-id=\"c1b16b7\" data-element_type=\"widget\" data-e-type=\"widget\" data-widget_type=\"text-editor.default\">\n\t\t\t\t<div class=\"elementor-widget-container\">\n\t\t\t\t\t\t\t\t\t<ul style=\"list-style-type: square;\">\n<li><strong><span style=\"color: #000000;\">Assurance d\u00e9cennale<\/span><\/strong><\/li>\n<li><strong><span style=\"color: #000000;\">Assurance responsabilit\u00e9 civile professionnelle<\/span><\/strong><\/li>\n<\/ul>\t\t\t\t\t\t\t\t<\/div>\n\t\t\t\t<\/div>\n\t\t\t\t<\/div>\n\t\t<div class=\"elementor-element elementor-element-b5b4913 e-con-full e-flex e-con e-child\" data-id=\"b5b4913\" data-element_type=\"container\" data-e-type=\"container\">\n\t\t\t\t<\/div>\n\t\t\t\t\t<\/div>\n\t\t\t\t<\/div>\n\t\t\t\t<\/div>\n\t\t","protected":false},"excerpt":{"rendered":"<p>Vous cherchez un \u00e9lectricien dans le 64, le 65 ? \u00a0 Engagements \u00ab\u00a0QUALIT\u00c9\u00a0\u00bb Devis GRATUIT Conseils sur votre installation Travail soign\u00e9 Respect des d\u00e9lais fix\u00e9s SERVICES &amp; PRESTATIONS PROPOS\u00c9S GARANTIES : GARANTIES Assurance d\u00e9cennale Assurance responsabilit\u00e9 civile professionnelle<\/p>\n","protected":false},"author":1,"featured_media":24,"parent":0,"menu_order":0,"comment_status":"closed","ping_status":"closed","template":"","meta":{"slim_seo":{"title":"Artisan electricien 64","description":"Artisan \u00e9lectricien dans le 64. D\u00e9pannage, installation & r\u00e9novation \u00e9lectrique"},"footnotes":""},"class_list":["post-9","page","type-page","status-publish","has-post-thumbnail","hentry"],"_links":{"self":[{"href":"https:\/\/cleleceurl.com\/index.php\/wp-json\/wp\/v2\/pages\/9","targetHints":{"allow":["GET"]}}],"collection":[{"href":"https:\/\/cleleceurl.com\/index.php\/wp-json\/wp\/v2\/pages"}],"about":[{"href":"https:\/\/cleleceurl.com\/index.php\/wp-json\/wp\/v2\/types\/page"}],"author":[{"embeddable":true,"href":"https:\/\/cleleceurl.com\/index.php\/wp-json\/wp\/v2\/users\/1"}],"replies":[{"embeddable":true,"href":"https:\/\/cleleceurl.com\/index.php\/wp-json\/wp\/v2\/comments?post=9"}],"version-history":[{"count":173,"href":"https:\/\/cleleceurl.com\/index.php\/wp-json\/wp\/v2\/pages\/9\/revisions"}],"predecessor-version":[{"id":756,"href":"https:\/\/cleleceurl.com\/index.php\/wp-json\/wp\/v2\/pages\/9\/revisions\/756"}],"wp:featuredmedia":[{"embeddable":true,"href":"https:\/\/cleleceurl.com\/index.php\/wp-json\/wp\/v2\/media\/24"}],"wp:attachment":[{"href":"https:\/\/cleleceurl.com\/index.php\/wp-json\/wp\/v2\/media?parent=9"}],"curies":[{"name":"wp","href":"https:\/\/api.w.org\/{rel}","templated":true}]}}