{"id":82,"date":"2024-03-30T16:32:04","date_gmt":"2024-03-30T15:32:04","guid":{"rendered":"https:\/\/cleleceurl.com\/?page_id=82"},"modified":"2025-06-13T16:30:36","modified_gmt":"2025-06-13T14:30:36","slug":"securite","status":"publish","type":"page","link":"https:\/\/cleleceurl.com\/index.php\/securite\/","title":{"rendered":"SECURIT\u00c9"},"content":{"rendered":"\t\t<div data-elementor-type=\"wp-page\" data-elementor-id=\"82\" class=\"elementor elementor-82\">\n\t\t\t\t<div class=\"elementor-element elementor-element-b8fc405 e-flex e-con-boxed e-con e-parent\" data-id=\"b8fc405\" data-element_type=\"container\" data-e-type=\"container\">\n\t\t\t\t\t<div class=\"e-con-inner\">\n\t\t\t\t<div class=\"elementor-element elementor-element-eb5f6bb elementor-widget-mobile__width-initial elementor-widget elementor-widget-site-logo\" data-id=\"eb5f6bb\" data-element_type=\"widget\" data-e-type=\"widget\" data-settings=\"{&quot;align_mobile&quot;:&quot;center&quot;,&quot;width&quot;:{&quot;unit&quot;:&quot;%&quot;,&quot;size&quot;:100,&quot;sizes&quot;:[]},&quot;align&quot;:&quot;center&quot;,&quot;width_tablet&quot;:{&quot;unit&quot;:&quot;%&quot;,&quot;size&quot;:&quot;&quot;,&quot;sizes&quot;:[]},&quot;width_mobile&quot;:{&quot;unit&quot;:&quot;%&quot;,&quot;size&quot;:&quot;&quot;,&quot;sizes&quot;:[]},&quot;space&quot;:{&quot;unit&quot;:&quot;%&quot;,&quot;size&quot;:&quot;&quot;,&quot;sizes&quot;:[]},&quot;space_tablet&quot;:{&quot;unit&quot;:&quot;%&quot;,&quot;size&quot;:&quot;&quot;,&quot;sizes&quot;:[]},&quot;space_mobile&quot;:{&quot;unit&quot;:&quot;%&quot;,&quot;size&quot;:&quot;&quot;,&quot;sizes&quot;:[]},&quot;image_border_radius&quot;:{&quot;unit&quot;:&quot;px&quot;,&quot;top&quot;:&quot;&quot;,&quot;right&quot;:&quot;&quot;,&quot;bottom&quot;:&quot;&quot;,&quot;left&quot;:&quot;&quot;,&quot;isLinked&quot;:true},&quot;image_border_radius_tablet&quot;:{&quot;unit&quot;:&quot;px&quot;,&quot;top&quot;:&quot;&quot;,&quot;right&quot;:&quot;&quot;,&quot;bottom&quot;:&quot;&quot;,&quot;left&quot;:&quot;&quot;,&quot;isLinked&quot;:true},&quot;image_border_radius_mobile&quot;:{&quot;unit&quot;:&quot;px&quot;,&quot;top&quot;:&quot;&quot;,&quot;right&quot;:&quot;&quot;,&quot;bottom&quot;:&quot;&quot;,&quot;left&quot;:&quot;&quot;,&quot;isLinked&quot;:true},&quot;caption_padding&quot;:{&quot;unit&quot;:&quot;px&quot;,&quot;top&quot;:&quot;&quot;,&quot;right&quot;:&quot;&quot;,&quot;bottom&quot;:&quot;&quot;,&quot;left&quot;:&quot;&quot;,&quot;isLinked&quot;:true},&quot;caption_padding_tablet&quot;:{&quot;unit&quot;:&quot;px&quot;,&quot;top&quot;:&quot;&quot;,&quot;right&quot;:&quot;&quot;,&quot;bottom&quot;:&quot;&quot;,&quot;left&quot;:&quot;&quot;,&quot;isLinked&quot;:true},&quot;caption_padding_mobile&quot;:{&quot;unit&quot;:&quot;px&quot;,&quot;top&quot;:&quot;&quot;,&quot;right&quot;:&quot;&quot;,&quot;bottom&quot;:&quot;&quot;,&quot;left&quot;:&quot;&quot;,&quot;isLinked&quot;:true},&quot;caption_space&quot;:{&quot;unit&quot;:&quot;px&quot;,&quot;size&quot;:0,&quot;sizes&quot;:[]},&quot;caption_space_tablet&quot;:{&quot;unit&quot;:&quot;px&quot;,&quot;size&quot;:&quot;&quot;,&quot;sizes&quot;:[]},&quot;caption_space_mobile&quot;:{&quot;unit&quot;:&quot;px&quot;,&quot;size&quot;:&quot;&quot;,&quot;sizes&quot;:[]}}\" data-widget_type=\"site-logo.default\">\n\t\t\t\t<div class=\"elementor-widget-container\">\n\t\t\t\t\t\t\t<div class=\"hfe-site-logo\">\n\t\t\t\t\t\t\t\t\t\t\t\t\t<a data-elementor-open-lightbox=\"\"  class='elementor-clickable' href=\"https:\/\/cleleceurl.com\">\n\t\t\t\t\t\t\t<div class=\"hfe-site-logo-set\">           \n\t\t\t\t<div class=\"hfe-site-logo-container\">\n\t\t\t\t\t\t\t\t\t<img decoding=\"async\" class=\"hfe-site-logo-img elementor-animation-\"  src=\"https:\/\/cleleceurl.com\/wp-content\/uploads\/2025\/06\/new-logo--e1749824420947-300x83.png\" alt=\"New logo\"\/>\n\t\t\t\t<\/div>\n\t\t\t<\/div>\n\t\t\t\t\t\t\t<\/a>\n\t\t\t\t\t\t<\/div>  \n\t\t\t\t\t\t\t<\/div>\n\t\t\t\t<\/div>\n\t\t\t\t\t<\/div>\n\t\t\t\t<\/div>\n\t\t<div class=\"elementor-element elementor-element-d743ca9 e-flex e-con-boxed e-con e-parent\" data-id=\"d743ca9\" data-element_type=\"container\" data-e-type=\"container\">\n\t\t\t\t\t<div class=\"e-con-inner\">\n\t\t\t\t<div class=\"elementor-element elementor-element-b8f2575 elementor-widget elementor-widget-heading\" data-id=\"b8f2575\" data-element_type=\"widget\" data-e-type=\"widget\" data-widget_type=\"heading.default\">\n\t\t\t\t<div class=\"elementor-widget-container\">\n\t\t\t\t\t<h2 class=\"elementor-heading-title elementor-size-default\">Pourquoi faire appel \u00e0 CL'\u00c9lec EURL ?<\/h2>\t\t\t\t<\/div>\n\t\t\t\t<\/div>\n\t\t\t\t\t<\/div>\n\t\t\t\t<\/div>\n\t\t<div class=\"elementor-element elementor-element-dcf370e e-flex e-con-boxed e-con e-parent\" data-id=\"dcf370e\" data-element_type=\"container\" data-e-type=\"container\">\n\t\t\t\t\t<div class=\"e-con-inner\">\n\t\t<div class=\"elementor-element elementor-element-cfc8843 e-con-full e-flex e-con e-child\" data-id=\"cfc8843\" data-element_type=\"container\" data-e-type=\"container\">\n\t\t\t\t<div class=\"elementor-element elementor-element-f5aa2a9 elementor-widget__width-initial elementor-widget elementor-widget-text-editor\" data-id=\"f5aa2a9\" data-element_type=\"widget\" data-e-type=\"widget\" data-widget_type=\"text-editor.default\">\n\t\t\t\t<div class=\"elementor-widget-container\">\n\t\t\t\t\t\t\t\t\t<p><strong><span style=\"color: #000000;\">Les travaux \u00e9lectriques demandent des connaissances en mati\u00e8re de s\u00e9curit\u00e9 et de normes.<\/span><\/strong><\/p><p><strong><span style=\"color: #000000;\">Une installation NON conforme peut avoir de graves cons\u00e9quences telles que l&rsquo;incendie, l&rsquo;\u00e9lectrisation ou l&rsquo;\u00e9lectrocution.<\/span><\/strong><\/p><p><strong><span style=\"color: #000000;\">CL&rsquo;\u00c9lec EURL garantit le respect de la norme NF C15-100 tout en \u00e9tant \u00e0 l&rsquo;\u00e9coute de ses clients.<\/span><\/strong><\/p><p><strong><span style=\"color: #000000;\">CL&rsquo;\u00c9lec EURL vous propose une \u00e9tude personnalis\u00e9e et un devis GRATUIT.<\/span><\/strong><\/p>\t\t\t\t\t\t\t\t<\/div>\n\t\t\t\t<\/div>\n\t\t\t\t<\/div>\n\t\t<div class=\"elementor-element elementor-element-0523222 e-con-full e-flex e-con e-child\" data-id=\"0523222\" data-element_type=\"container\" data-e-type=\"container\">\n\t\t\t\t<div class=\"elementor-element elementor-element-7e5f056 elementor-widget elementor-widget-image\" data-id=\"7e5f056\" data-element_type=\"widget\" data-e-type=\"widget\" data-widget_type=\"image.default\">\n\t\t\t\t<div class=\"elementor-widget-container\">\n\t\t\t\t\t\t\t\t\t\t\t\t\t\t\t<img fetchpriority=\"high\" decoding=\"async\" width=\"800\" height=\"600\" src=\"https:\/\/cleleceurl.com\/wp-content\/uploads\/2024\/03\/8-1024x768.webp\" class=\"attachment-large size-large wp-image-90\" alt=\"8\" srcset=\"https:\/\/cleleceurl.com\/wp-content\/uploads\/2024\/03\/8-1024x768.webp 1024w, https:\/\/cleleceurl.com\/wp-content\/uploads\/2024\/03\/8-300x225.webp 300w, https:\/\/cleleceurl.com\/wp-content\/uploads\/2024\/03\/8-768x576.webp 768w, https:\/\/cleleceurl.com\/wp-content\/uploads\/2024\/03\/8.webp 1280w\" sizes=\"(max-width: 800px) 100vw, 800px\" \/>\t\t\t\t\t\t\t\t\t\t\t\t\t\t\t<\/div>\n\t\t\t\t<\/div>\n\t\t\t\t<\/div>\n\t\t\t\t\t<\/div>\n\t\t\t\t<\/div>\n\t\t<div class=\"elementor-element elementor-element-7826133 e-flex e-con-boxed e-con e-parent\" data-id=\"7826133\" data-element_type=\"container\" data-e-type=\"container\">\n\t\t\t\t\t<div class=\"e-con-inner\">\n\t\t\t\t<div class=\"elementor-element elementor-element-fd75604 elementor-widget elementor-widget-heading\" data-id=\"fd75604\" data-element_type=\"widget\" data-e-type=\"widget\" data-widget_type=\"heading.default\">\n\t\t\t\t<div class=\"elementor-widget-container\">\n\t\t\t\t\t<h2 class=\"elementor-heading-title elementor-size-default\">L'installation \u00e9lectrique dans le logement <\/h2>\t\t\t\t<\/div>\n\t\t\t\t<\/div>\n\t\t\t\t\t<\/div>\n\t\t\t\t<\/div>\n\t\t<div class=\"elementor-element elementor-element-5dfb440 e-flex e-con-boxed e-con e-parent\" data-id=\"5dfb440\" data-element_type=\"container\" data-e-type=\"container\">\n\t\t\t\t\t<div class=\"e-con-inner\">\n\t\t<div class=\"elementor-element elementor-element-0d1a903 e-con-full e-flex e-con e-child\" data-id=\"0d1a903\" data-element_type=\"container\" data-e-type=\"container\">\n\t\t\t\t<div class=\"elementor-element elementor-element-099ea5c elementor-widget elementor-widget-image\" data-id=\"099ea5c\" data-element_type=\"widget\" data-e-type=\"widget\" data-widget_type=\"image.default\">\n\t\t\t\t<div class=\"elementor-widget-container\">\n\t\t\t\t\t\t\t\t\t\t\t\t\t\t\t<img decoding=\"async\" width=\"800\" height=\"540\" src=\"https:\/\/cleleceurl.com\/wp-content\/uploads\/2024\/03\/14-1-1024x691.webp\" class=\"attachment-large size-large wp-image-97\" alt=\"14 (1)\" srcset=\"https:\/\/cleleceurl.com\/wp-content\/uploads\/2024\/03\/14-1-1024x691.webp 1024w, https:\/\/cleleceurl.com\/wp-content\/uploads\/2024\/03\/14-1-300x202.webp 300w, https:\/\/cleleceurl.com\/wp-content\/uploads\/2024\/03\/14-1-768x518.webp 768w, https:\/\/cleleceurl.com\/wp-content\/uploads\/2024\/03\/14-1.webp 1081w\" sizes=\"(max-width: 800px) 100vw, 800px\" \/>\t\t\t\t\t\t\t\t\t\t\t\t\t\t\t<\/div>\n\t\t\t\t<\/div>\n\t\t\t\t<\/div>\n\t\t<div class=\"elementor-element elementor-element-e764456 e-con-full e-flex e-con e-child\" data-id=\"e764456\" data-element_type=\"container\" data-e-type=\"container\">\n\t\t\t\t<div class=\"elementor-element elementor-element-133653e elementor-widget elementor-widget-text-editor\" data-id=\"133653e\" data-element_type=\"widget\" data-e-type=\"widget\" data-widget_type=\"text-editor.default\">\n\t\t\t\t<div class=\"elementor-widget-container\">\n\t\t\t\t\t\t\t\t\t<p><span style=\"color: #000000;\"><strong>Selon l&rsquo;O.N.S.E ( Observatoire National de la S\u00e9curit\u00e9 \u00c9lectrique ), 90% des fran\u00e7ais se sentent en s\u00e9curit\u00e9 avec leur installation \u00e9lectrique.<\/strong><\/span><\/p><p><span style=\"color: #000000;\"><strong>Cependant&#8230;<\/strong><\/span><\/p>\t\t\t\t\t\t\t\t<\/div>\n\t\t\t\t<\/div>\n\t\t\t\t<\/div>\n\t\t\t\t\t<\/div>\n\t\t\t\t<\/div>\n\t\t<div class=\"elementor-element elementor-element-d653f41 e-flex e-con-boxed e-con e-parent\" data-id=\"d653f41\" data-element_type=\"container\" data-e-type=\"container\">\n\t\t\t\t\t<div class=\"e-con-inner\">\n\t\t\t\t<div class=\"elementor-element elementor-element-afe7bf6 elementor-widget__width-inherit elementor-widget elementor-widget-image\" data-id=\"afe7bf6\" data-element_type=\"widget\" data-e-type=\"widget\" data-widget_type=\"image.default\">\n\t\t\t\t<div class=\"elementor-widget-container\">\n\t\t\t\t\t\t\t\t\t\t\t\t\t\t\t<img decoding=\"async\" width=\"800\" height=\"372\" src=\"https:\/\/cleleceurl.com\/wp-content\/uploads\/2024\/03\/onse-1024x476.webp\" class=\"attachment-large size-large wp-image-104\" alt=\"Onse\" srcset=\"https:\/\/cleleceurl.com\/wp-content\/uploads\/2024\/03\/onse-1024x476.webp 1024w, https:\/\/cleleceurl.com\/wp-content\/uploads\/2024\/03\/onse-300x140.webp 300w, https:\/\/cleleceurl.com\/wp-content\/uploads\/2024\/03\/onse-768x357.webp 768w, https:\/\/cleleceurl.com\/wp-content\/uploads\/2024\/03\/onse.webp 1030w\" sizes=\"(max-width: 800px) 100vw, 800px\" \/>\t\t\t\t\t\t\t\t\t\t\t\t\t\t\t<\/div>\n\t\t\t\t<\/div>\n\t\t\t\t\t<\/div>\n\t\t\t\t<\/div>\n\t\t<div class=\"elementor-element elementor-element-a4c3c1a e-flex e-con-boxed e-con e-parent\" data-id=\"a4c3c1a\" data-element_type=\"container\" data-e-type=\"container\">\n\t\t\t\t\t<div class=\"e-con-inner\">\n\t\t\t\t<div class=\"elementor-element elementor-element-9bb2d55 elementor-widget elementor-widget-heading\" data-id=\"9bb2d55\" data-element_type=\"widget\" data-e-type=\"widget\" data-widget_type=\"heading.default\">\n\t\t\t\t<div class=\"elementor-widget-container\">\n\t\t\t\t\t<h2 class=\"elementor-heading-title elementor-size-default\">R\u00e9partition des anomalies \u00e9lectriques rencontr\u00e9es :<\/h2>\t\t\t\t<\/div>\n\t\t\t\t<\/div>\n\t\t\t\t\t<\/div>\n\t\t\t\t<\/div>\n\t\t<div class=\"elementor-element elementor-element-3724ff8 e-con-full e-flex e-con e-parent\" data-id=\"3724ff8\" data-element_type=\"container\" data-e-type=\"container\">\n\t\t\t\t<div class=\"elementor-element elementor-element-567ece9 elementor-widget elementor-widget-text-editor\" data-id=\"567ece9\" data-element_type=\"widget\" data-e-type=\"widget\" data-widget_type=\"text-editor.default\">\n\t\t\t\t<div class=\"elementor-widget-container\">\n\t\t\t\t\t\t\t\t\t<p>\u00a0<\/p><ul style=\"list-style-type: square;\"><li><span style=\"color: #000000;\"><strong>Prise de terre d\u00e9fectueuse (66%)<\/strong><\/span><\/li><li><span style=\"color: #000000;\"><strong>Appareils v\u00e9tustes et\/ou inadapt\u00e9s (48 %)<\/strong><\/span><\/li><li><span style=\"color: #000000;\"><strong>Risques de contacts directs avec des \u00e9l\u00e9ments sous tension (44 %)<\/strong><\/span><\/li><li><span style=\"color: #000000;\"><strong>Anomalie sur le dispositif de protection contre les surintensit\u00e9s (36 %)<\/strong><\/span><\/li><li><span style=\"color: #000000;\"><strong>Mauvaise liaison \u00e9quipotentielle (24 %)<\/strong><\/span><\/li><li><span style=\"color: #000000;\"><strong>Zones de s\u00e9curit\u00e9 \u00e9lectrique des salles d&rsquo;eau non respect\u00e9es (21 %).<\/strong><\/span><\/li><\/ul>\t\t\t\t\t\t\t\t<\/div>\n\t\t\t\t<\/div>\n\t\t\t\t<\/div>\n\t\t<div class=\"elementor-element elementor-element-819be30 e-con-full e-flex e-con e-parent\" data-id=\"819be30\" data-element_type=\"container\" data-e-type=\"container\">\n\t\t\t\t<div class=\"elementor-element elementor-element-1f1a872 elementor-hidden-desktop elementor-hidden-mobile elementor-widget elementor-widget-image\" data-id=\"1f1a872\" data-element_type=\"widget\" data-e-type=\"widget\" data-widget_type=\"image.default\">\n\t\t\t\t<div class=\"elementor-widget-container\">\n\t\t\t\t\t\t\t\t\t\t\t\t\t\t\t<img loading=\"lazy\" decoding=\"async\" width=\"800\" height=\"542\" src=\"https:\/\/cleleceurl.com\/wp-content\/uploads\/2024\/03\/99.webp\" class=\"attachment-large size-large wp-image-148\" alt=\"99\" srcset=\"https:\/\/cleleceurl.com\/wp-content\/uploads\/2024\/03\/99.webp 815w, https:\/\/cleleceurl.com\/wp-content\/uploads\/2024\/03\/99-300x203.webp 300w, https:\/\/cleleceurl.com\/wp-content\/uploads\/2024\/03\/99-768x520.webp 768w\" sizes=\"(max-width: 800px) 100vw, 800px\" \/>\t\t\t\t\t\t\t\t\t\t\t\t\t\t\t<\/div>\n\t\t\t\t<\/div>\n\t\t\t\t<\/div>\n\t\t<div class=\"elementor-element elementor-element-0a3ace0 e-flex e-con-boxed e-con e-parent\" data-id=\"0a3ace0\" data-element_type=\"container\" data-e-type=\"container\">\n\t\t\t\t\t<div class=\"e-con-inner\">\n\t\t<div class=\"elementor-element elementor-element-321b9cc e-con-full e-flex e-con e-child\" data-id=\"321b9cc\" data-element_type=\"container\" data-e-type=\"container\">\n\t\t\t\t<div class=\"elementor-element elementor-element-9988fad elementor-widget__width-initial elementor-widget elementor-widget-text-editor\" data-id=\"9988fad\" data-element_type=\"widget\" data-e-type=\"widget\" data-widget_type=\"text-editor.default\">\n\t\t\t\t<div class=\"elementor-widget-container\">\n\t\t\t\t\t\t\t\t\t<p>\u00a0<\/p><p><strong><span style=\"color: #000000;\">En France, entre 20 et 30% des incendies dans les logements seraient d&rsquo;origine \u00c9LECTRIQUE. <\/span><\/strong><strong><span style=\"color: #000000;\">3000 \u00e9lectrisations\/an provoquant des blessures plus ou moins graves (br\u00fblures, troubles cardiaques,&#8230;) et 30 \u00e0 40 d\u00e9c\u00e8s par \u00e9lectrocution (source O.N.S.E).<\/span><\/strong><\/p><p><strong><span style=\"color: #000000;\">La s\u00e9curit\u00e9 de votre installation \u00e9lectrique n\u00e9cessite une r\u00e9vision r\u00e9guli\u00e8re r\u00e9alis\u00e9e par un professionnel qualifi\u00e9.<\/span><\/strong><\/p><p><strong><span style=\"color: #000000;\">Depuis le 1<sup>er<\/sup> septembre 2009, le diagnostic \u00e9lectrique est obligatoire pour la vente d&rsquo;un logement avec une installation \u00e9lectrique de plus de 15 ans.<\/span><\/strong><\/p>\t\t\t\t\t\t\t\t<\/div>\n\t\t\t\t<\/div>\n\t\t\t\t<\/div>\n\t\t\t\t<div class=\"elementor-element elementor-element-967500e elementor-widget__width-initial elementor-hidden-mobile elementor-widget elementor-widget-image\" data-id=\"967500e\" data-element_type=\"widget\" data-e-type=\"widget\" data-widget_type=\"image.default\">\n\t\t\t\t<div class=\"elementor-widget-container\">\n\t\t\t\t\t\t\t\t\t\t\t\t\t\t\t<img loading=\"lazy\" decoding=\"async\" width=\"800\" height=\"542\" src=\"https:\/\/cleleceurl.com\/wp-content\/uploads\/2024\/03\/99.webp\" class=\"attachment-large size-large wp-image-148\" alt=\"99\" srcset=\"https:\/\/cleleceurl.com\/wp-content\/uploads\/2024\/03\/99.webp 815w, https:\/\/cleleceurl.com\/wp-content\/uploads\/2024\/03\/99-300x203.webp 300w, https:\/\/cleleceurl.com\/wp-content\/uploads\/2024\/03\/99-768x520.webp 768w\" sizes=\"(max-width: 800px) 100vw, 800px\" \/>\t\t\t\t\t\t\t\t\t\t\t\t\t\t\t<\/div>\n\t\t\t\t<\/div>\n\t\t\t\t\t<\/div>\n\t\t\t\t<\/div>\n\t\t<div class=\"elementor-element elementor-element-19e093f e-flex e-con-boxed e-con e-parent\" data-id=\"19e093f\" data-element_type=\"container\" data-e-type=\"container\">\n\t\t\t\t\t<div class=\"e-con-inner\">\n\t\t\t\t\t<\/div>\n\t\t\t\t<\/div>\n\t\t<div class=\"elementor-element elementor-element-73e3647 e-flex e-con-boxed e-con e-parent\" data-id=\"73e3647\" data-element_type=\"container\" data-e-type=\"container\">\n\t\t\t\t\t<div class=\"e-con-inner\">\n\t\t<div class=\"elementor-element elementor-element-8bd2f83 e-con-full e-flex e-con e-child\" data-id=\"8bd2f83\" data-element_type=\"container\" data-e-type=\"container\">\n\t\t\t\t<div class=\"elementor-element elementor-element-74e0a50 elementor-hidden-mobile elementor-widget elementor-widget-image\" data-id=\"74e0a50\" data-element_type=\"widget\" data-e-type=\"widget\" data-widget_type=\"image.default\">\n\t\t\t\t<div class=\"elementor-widget-container\">\n\t\t\t\t\t\t\t\t\t\t\t\t\t\t\t<img loading=\"lazy\" decoding=\"async\" width=\"256\" height=\"231\" src=\"https:\/\/cleleceurl.com\/wp-content\/uploads\/2024\/03\/depannageclelecdepannagecleleceurl.webp\" class=\"attachment-large size-large wp-image-206\" alt=\"De\u0301pannageclelec,depannagecleleceurl\" \/>\t\t\t\t\t\t\t\t\t\t\t\t\t\t\t<\/div>\n\t\t\t\t<\/div>\n\t\t\t\t<\/div>\n\t\t\t\t<div class=\"elementor-element elementor-element-f71f754 elementor-widget elementor-widget-image\" data-id=\"f71f754\" data-element_type=\"widget\" data-e-type=\"widget\" data-widget_type=\"image.default\">\n\t\t\t\t<div class=\"elementor-widget-container\">\n\t\t\t\t\t\t\t\t\t\t\t\t\t\t\t<img loading=\"lazy\" decoding=\"async\" width=\"621\" height=\"396\" src=\"https:\/\/cleleceurl.com\/wp-content\/uploads\/2024\/03\/Artisancleleceurl.webp\" class=\"attachment-large size-large wp-image-196\" alt=\"Artisan,cleleceurl\" srcset=\"https:\/\/cleleceurl.com\/wp-content\/uploads\/2024\/03\/Artisancleleceurl.webp 621w, https:\/\/cleleceurl.com\/wp-content\/uploads\/2024\/03\/Artisancleleceurl-300x191.webp 300w\" sizes=\"(max-width: 621px) 100vw, 621px\" \/>\t\t\t\t\t\t\t\t\t\t\t\t\t\t\t<\/div>\n\t\t\t\t<\/div>\n\t\t<div class=\"elementor-element elementor-element-4ac2dde e-con-full e-flex e-con e-child\" data-id=\"4ac2dde\" data-element_type=\"container\" data-e-type=\"container\">\n\t\t\t\t<div class=\"elementor-element elementor-element-8e5a9cd elementor-widget elementor-widget-image\" data-id=\"8e5a9cd\" data-element_type=\"widget\" data-e-type=\"widget\" data-widget_type=\"image.default\">\n\t\t\t\t<div class=\"elementor-widget-container\">\n\t\t\t\t\t\t\t\t\t\t\t\t\t\t\t<img loading=\"lazy\" decoding=\"async\" width=\"600\" height=\"375\" src=\"https:\/\/cleleceurl.com\/wp-content\/uploads\/2024\/03\/14.webp\" class=\"attachment-large size-large wp-image-210\" alt=\"14\" srcset=\"https:\/\/cleleceurl.com\/wp-content\/uploads\/2024\/03\/14.webp 600w, https:\/\/cleleceurl.com\/wp-content\/uploads\/2024\/03\/14-300x188.webp 300w\" sizes=\"(max-width: 600px) 100vw, 600px\" \/>\t\t\t\t\t\t\t\t\t\t\t\t\t\t\t<\/div>\n\t\t\t\t<\/div>\n\t\t\t\t<\/div>\n\t\t\t\t\t<\/div>\n\t\t\t\t<\/div>\n\t\t\t\t<\/div>\n\t\t","protected":false},"excerpt":{"rendered":"<p>Pourquoi faire appel \u00e0 CL&rsquo;\u00c9lec EURL ? Les travaux \u00e9lectriques demandent des connaissances en mati\u00e8re de s\u00e9curit\u00e9 et de normes. Une installation NON conforme peut avoir de graves cons\u00e9quences telles que l&rsquo;incendie, l&rsquo;\u00e9lectrisation ou l&rsquo;\u00e9lectrocution. CL&rsquo;\u00c9lec EURL garantit le respect de la norme NF C15-100 tout en \u00e9tant \u00e0 l&rsquo;\u00e9coute de ses clients. CL&rsquo;\u00c9lec EURL [&hellip;]<\/p>\n","protected":false},"author":1,"featured_media":0,"parent":0,"menu_order":0,"comment_status":"closed","ping_status":"closed","template":"","meta":{"slim_seo":{"title":"SECURIT\u00c9","description":"Pourquoi faire appel \u00e0 CL'\u00c9lec EURL ? Les travaux \u00e9lectriques demandent des connaissances en mati\u00e8re de s\u00e9curit\u00e9 et de normes. Une installation NON conforme peu"},"footnotes":""},"class_list":["post-82","page","type-page","status-publish","hentry"],"_links":{"self":[{"href":"https:\/\/cleleceurl.com\/index.php\/wp-json\/wp\/v2\/pages\/82","targetHints":{"allow":["GET"]}}],"collection":[{"href":"https:\/\/cleleceurl.com\/index.php\/wp-json\/wp\/v2\/pages"}],"about":[{"href":"https:\/\/cleleceurl.com\/index.php\/wp-json\/wp\/v2\/types\/page"}],"author":[{"embeddable":true,"href":"https:\/\/cleleceurl.com\/index.php\/wp-json\/wp\/v2\/users\/1"}],"replies":[{"embeddable":true,"href":"https:\/\/cleleceurl.com\/index.php\/wp-json\/wp\/v2\/comments?post=82"}],"version-history":[{"count":205,"href":"https:\/\/cleleceurl.com\/index.php\/wp-json\/wp\/v2\/pages\/82\/revisions"}],"predecessor-version":[{"id":735,"href":"https:\/\/cleleceurl.com\/index.php\/wp-json\/wp\/v2\/pages\/82\/revisions\/735"}],"wp:attachment":[{"href":"https:\/\/cleleceurl.com\/index.php\/wp-json\/wp\/v2\/media?parent=82"}],"curies":[{"name":"wp","href":"https:\/\/api.w.org\/{rel}","templated":true}]}}